{"id":123,"date":"2019-01-09T07:58:29","date_gmt":"2019-01-09T07:58:29","guid":{"rendered":"https:\/\/metais.pt\/?page_id=123"},"modified":"2025-07-03T10:57:42","modified_gmt":"2025-07-03T10:57:42","slug":"contact","status":"publish","type":"page","link":"https:\/\/metais.pt\/?page_id=123","title":{"rendered":"Contact"},"content":{"rendered":"\t\t<div data-elementor-type=\"wp-post\" data-elementor-id=\"123\" class=\"elementor elementor-123\">\n\t\t\t\t<div class=\"aux-parallax-section elementor-element elementor-element-ecd793c e-con-full e-flex e-con e-parent\" data-id=\"ecd793c\" data-element_type=\"container\" data-e-type=\"container\">\n\t\t<div class=\"elementor-element elementor-element-b89b66e e-con-full e-flex e-con e-child\" data-id=\"b89b66e\" data-element_type=\"container\" data-e-type=\"container\">\n\t\t\t\t<div class=\"elementor-element elementor-element-139a068 aux-appear-watch-animation aux-fade-in-up elementor-widget elementor-widget-aux_modern_heading\" data-id=\"139a068\" data-element_type=\"widget\" data-e-type=\"widget\" data-widget_type=\"aux_modern_heading.default\">\n\t\t\t\t<div class=\"elementor-widget-container\">\n\t\t\t\t\t<section class=\"aux-widget-modern-heading\">\n            <div class=\"aux-widget-inner\"><div class=\"aux-modern-heading-divider\"><\/div><h2 class=\"aux-modern-heading-primary\">Fale Connosco<\/h2><h3 class=\"aux-modern-heading-secondary\"><span class=\"aux-head-before\">Get In Touch<\/span><\/h3><div class=\"aux-modern-heading-description\"><p>Entre em contacto connosco. Estamos dispon\u00edveis para o esclarecimento de qualquer d\u00favida.<br \/><br \/>&gt; Solicite o seu or\u00e7amento.<\/p><\/div><\/div>\n        <\/section>\t\t\t\t<\/div>\n\t\t\t\t<\/div>\n\t\t\t\t<div class=\"elementor-element elementor-element-fdce22a aux-appear-watch-animation aux-fade-in-up elementor-widget elementor-widget-aux_contact_form\" data-id=\"fdce22a\" data-element_type=\"widget\" data-e-type=\"widget\" data-widget_type=\"aux_contact_form.default\">\n\t\t\t\t<div class=\"elementor-widget-container\">\n\t\t\t\t\t<section class=\"widget-container aux-widget-contact-form aux-parent-aufb9b5713\">            <div class=\"aux-col-wrapper aux-no-gutter\">\n            <!-- @TODO - The output for element here -->\n\n            \n<div class=\"wpcf7 no-js\" id=\"wpcf7-f109-o1\" lang=\"en-US\" dir=\"ltr\" data-wpcf7-id=\"109\">\n<div class=\"screen-reader-response\"><p role=\"status\" aria-live=\"polite\" aria-atomic=\"true\"><\/p> <ul><\/ul><\/div>\n<form action=\"\/index.php?rest_route=%2Fwp%2Fv2%2Fpages%2F123#wpcf7-f109-o1\" method=\"post\" class=\"wpcf7-form init\" aria-label=\"Contact form\" novalidate=\"novalidate\" data-status=\"init\">\n<fieldset class=\"hidden-fields-container\"><input type=\"hidden\" name=\"_wpcf7\" value=\"109\" \/><input type=\"hidden\" name=\"_wpcf7_version\" value=\"6.1.5\" \/><input type=\"hidden\" name=\"_wpcf7_locale\" value=\"en_US\" \/><input type=\"hidden\" name=\"_wpcf7_unit_tag\" value=\"wpcf7-f109-o1\" \/><input type=\"hidden\" name=\"_wpcf7_container_post\" value=\"0\" \/><input type=\"hidden\" name=\"_wpcf7_posted_data_hash\" value=\"\" \/>\n<\/fieldset>\n<span class=\"wpcf7-form-control-wrap\" data-name=\"Name-789\"><input size=\"40\" maxlength=\"400\" class=\"wpcf7-form-control wpcf7-text\" aria-invalid=\"false\" placeholder=\"Nome\" value=\"\" type=\"text\" name=\"Name-789\" \/><\/span>\n<span class=\"wpcf7-form-control-wrap\" data-name=\"E-mail-768\"><input size=\"40\" maxlength=\"400\" class=\"wpcf7-form-control wpcf7-email wpcf7-text wpcf7-validates-as-email\" aria-invalid=\"false\" placeholder=\"E-mail\" value=\"\" type=\"email\" name=\"E-mail-768\" \/><\/span>\n<span class=\"wpcf7-form-control-wrap\" data-name=\"Subject-789\"><input size=\"40\" maxlength=\"400\" class=\"wpcf7-form-control wpcf7-text\" aria-invalid=\"false\" placeholder=\"Assunto\" value=\"\" type=\"text\" name=\"Subject-789\" \/><\/span>\n<span class=\"wpcf7-form-control-wrap\" data-name=\"Message-14\"><textarea cols=\"40\" rows=\"10\" maxlength=\"2000\" class=\"wpcf7-form-control wpcf7-textarea\" aria-invalid=\"false\" placeholder=\"Mensagem\" name=\"Message-14\"><\/textarea><\/span>\n<input class=\"wpcf7-form-control wpcf7-submit has-spinner Sumbit\" id=\"Sumbit\" type=\"submit\" value=\"Submeter\" \/><div class=\"wpcf7-response-output\" aria-hidden=\"true\"><\/div>\n<\/form>\n<\/div>\n\n\n            <\/div><!-- aux-col-wrapper -->\n    <\/section><!-- widget-container -->\t\t\t\t<\/div>\n\t\t\t\t<\/div>\n\t\t\t\t<\/div>\n\t\t<div class=\"elementor-element elementor-element-bb22aec e-con-full e-flex e-con e-child\" data-id=\"bb22aec\" data-element_type=\"container\" data-e-type=\"container\">\n\t\t<div class=\"elementor-element elementor-element-7c08b48 e-con-full e-flex e-con e-child\" data-id=\"7c08b48\" data-element_type=\"container\" data-e-type=\"container\">\n\t\t<div class=\"elementor-element elementor-element-3647a39 aux-appear-watch-animation aux-fade-in-right e-con-full e-flex e-con e-child\" data-id=\"3647a39\" data-element_type=\"container\" data-e-type=\"container\" data-settings=\"{&quot;background_background&quot;:&quot;classic&quot;}\">\n\t\t\t\t<div class=\"elementor-element elementor-element-0b70a48 elementor-widget elementor-widget-aux_modern_heading\" data-id=\"0b70a48\" data-element_type=\"widget\" data-e-type=\"widget\" data-widget_type=\"aux_modern_heading.default\">\n\t\t\t\t<div class=\"elementor-widget-container\">\n\t\t\t\t\t<section class=\"aux-widget-modern-heading\">\n            <div class=\"aux-widget-inner\"><h6 class=\"aux-modern-heading-primary\">Morada\n<\/h6><h3 class=\"aux-modern-heading-secondary\"><span class=\"aux-head-before\">Rua da Portagem, 757 4770-539 Santa Maria Arnoso, V.N. Famalic\u00e3o, Portugal  <\/span><\/h3><\/div>\n        <\/section>\t\t\t\t<\/div>\n\t\t\t\t<\/div>\n\t\t\t\t<div class=\"elementor-element elementor-element-1343f85 elementor-view-default elementor-widget elementor-widget-aux_icon\" data-id=\"1343f85\" data-element_type=\"widget\" data-e-type=\"widget\" data-widget_type=\"aux_icon.default\">\n\t\t\t\t<div class=\"elementor-widget-container\">\n\t\t\t\t\t        <div class=\"elementor-icon-wrapper\">\n            <div class=\"elementor-icon\"> \n                                    <i class=\"auxicon-location-pin\" aria-hidden=\"true\"><\/i>\n                                <\/div>\n        <\/div>\n        \t\t\t\t<\/div>\n\t\t\t\t<\/div>\n\t\t\t\t<\/div>\n\t\t<div class=\"elementor-element elementor-element-31a6a85 aux-appear-watch-animation aux-fade-in-right e-con-full e-flex e-con e-child\" data-id=\"31a6a85\" data-element_type=\"container\" data-e-type=\"container\" data-settings=\"{&quot;background_background&quot;:&quot;classic&quot;}\">\n\t\t\t\t<div class=\"elementor-element elementor-element-9f68517 elementor-widget elementor-widget-aux_modern_heading\" data-id=\"9f68517\" data-element_type=\"widget\" data-e-type=\"widget\" data-widget_type=\"aux_modern_heading.default\">\n\t\t\t\t<div class=\"elementor-widget-container\">\n\t\t\t\t\t<section class=\"aux-widget-modern-heading\">\n            <div class=\"aux-widget-inner\"><h6 class=\"aux-modern-heading-primary\">Contacto:\n\n<\/h6><h3 class=\"aux-modern-heading-secondary\"><span class=\"aux-head-before\">geral@serralhariamts.pt <br>T. (+351) 253 194 035 <br> T. (+351) 913 524 695<\/span><\/h3><div class=\"aux-modern-heading-description\"><p>_<\/p><\/div><\/div>\n        <\/section>\t\t\t\t<\/div>\n\t\t\t\t<\/div>\n\t\t\t\t<div class=\"elementor-element elementor-element-d7d516f elementor-widget__width-auto elementor-view-default elementor-widget elementor-widget-aux_icon\" data-id=\"d7d516f\" data-element_type=\"widget\" data-e-type=\"widget\" data-widget_type=\"aux_icon.default\">\n\t\t\t\t<div class=\"elementor-widget-container\">\n\t\t\t\t\t        <div class=\"elementor-icon-wrapper\">\n            <div class=\"elementor-icon\"> \n                                    <i class=\"auxicon-mail\" aria-hidden=\"true\"><\/i>\n                                <\/div>\n        <\/div>\n        \t\t\t\t<\/div>\n\t\t\t\t<\/div>\n\t\t\t\t<\/div>\n\t\t<div class=\"elementor-element elementor-element-d3db113 aux-appear-watch-animation aux-fade-in-right e-con-full e-flex e-con e-child\" data-id=\"d3db113\" data-element_type=\"container\" data-e-type=\"container\" data-settings=\"{&quot;background_background&quot;:&quot;classic&quot;}\">\n\t\t\t\t<div class=\"elementor-element elementor-element-2a07105 elementor-widget elementor-widget-aux_modern_heading\" data-id=\"2a07105\" data-element_type=\"widget\" data-e-type=\"widget\" data-widget_type=\"aux_modern_heading.default\">\n\t\t\t\t<div class=\"elementor-widget-container\">\n\t\t\t\t\t<section class=\"aux-widget-modern-heading\">\n            <div class=\"aux-widget-inner\"><h6 class=\"aux-modern-heading-primary\">Hor\u00e1rio de Funcionamento:\n<\/h6><h3 class=\"aux-modern-heading-secondary\"><span class=\"aux-head-before\"><b>Segunda-feira a Sexta-feira<\/b> <br> 08:00 \u2013 12:30 <br> 13:30 - 17:00 <br><br> <b>S\u00e1bado, Domingo e Feriados<\/b> <br> Encerrados<\/span><\/h3><\/div>\n        <\/section>\t\t\t\t<\/div>\n\t\t\t\t<\/div>\n\t\t\t\t<div class=\"elementor-element elementor-element-48c85b6 elementor-widget__width-auto elementor-view-default elementor-widget elementor-widget-aux_icon\" data-id=\"48c85b6\" data-element_type=\"widget\" data-e-type=\"widget\" data-widget_type=\"aux_icon.default\">\n\t\t\t\t<div class=\"elementor-widget-container\">\n\t\t\t\t\t        <div class=\"elementor-icon-wrapper\">\n            <div class=\"elementor-icon\"> \n                                    <i class=\"auxicon-stopwatch\" aria-hidden=\"true\"><\/i>\n                                <\/div>\n        <\/div>\n        \t\t\t\t<\/div>\n\t\t\t\t<\/div>\n\t\t\t\t<\/div>\n\t\t\t\t<\/div>\n\t\t\t\t<div class=\"elementor-element elementor-element-8090a91 aux-appear-watch-animation aux-scale-down elementor-widget elementor-widget-aux_gmap\" data-id=\"8090a91\" data-element_type=\"widget\" data-e-type=\"widget\" data-widget_type=\"aux_gmap.default\">\n\t\t\t\t<div class=\"elementor-widget-container\">\n\t\t\t\t\t<section class=\"widget-container aux-widget-gmaps aux-parent-au008ab218\">\n    <div class=\"aux-col-wrapper aux-no-gutter\">\n        <div id=\"aux-map69e77ece18495\" class=\"aux-map-wrapper \" style=\"height:479px\" ><\/div>\n\n        <script>\n            jQuery( function($) {\n                if(typeof GMaps != \"function\" || typeof google === \"undefined\"){\n                    console.info( \"Please add google map API key in theme options. https:\/\/developers.google.com\/maps\/documentation\/javascript\/\" );\n                    return;\n                }\n                var map = new GMaps({\n                    el: \"#aux-map69e77ece18495\",\n                    lat:  41.456089880035,\n                    lng:  -8.4885955455222,\n                    zoom: 13,\n                    scrollwheel: 0,\n                                        mapTypeId: google.maps.MapTypeId.ROADMAP,\n                                        panControl : true\n                });\n\n                                map.addStyle({\n                    styledMapName:\"Auxin custom style map\",\n                    styles: \n\n[\n    {\n        \"featureType\": \"administrative\",\n        \"elementType\": \"labels.text.fill\",\n        \"stylers\": [\n            {\n                \"color\": \"#444444\"\n            }\n        ]\n    },\n    {\n        \"featureType\": \"landscape\",\n        \"elementType\": \"all\",\n        \"stylers\": [\n            {\n                \"color\": \"#f2f2f2\"\n            }\n        ]\n    },\n    {\n        \"featureType\": \"poi\",\n        \"elementType\": \"all\",\n        \"stylers\": [\n            {\n                \"visibility\": \"off\"\n            }\n        ]\n    },\n    {\n        \"featureType\": \"road\",\n        \"elementType\": \"all\",\n        \"stylers\": [\n            {\n                \"saturation\": -100\n            },\n            {\n                \"lightness\": 45\n            }\n        ]\n    },\n    {\n        \"featureType\": \"road.highway\",\n        \"elementType\": \"all\",\n        \"stylers\": [\n            {\n                \"visibility\": \"simplified\"\n            }\n        ]\n    },\n    {\n        \"featureType\": \"road.arterial\",\n        \"elementType\": \"labels.icon\",\n        \"stylers\": [\n            {\n                \"visibility\": \"off\"\n            }\n        ]\n    },\n    {\n        \"featureType\": \"transit\",\n        \"elementType\": \"all\",\n        \"stylers\": [\n            {\n                \"visibility\": \"off\"\n            }\n        ]\n    },\n    {\n        \"featureType\": \"water\",\n        \"elementType\": \"all\",\n        \"stylers\": [\n            {\n                \"color\": \"#000000\"\n            },\n            {\n                \"visibility\": \"on\"\n            }\n        ]\n    }\n],\n                    mapTypeId: \"aux_map_style\"\n                });\n\n                map.setStyle(\"aux_map_style\");\n                                map.addMarker({\n                                            infoWindow: { content: \"MTS SERRALHARIA\" },\n                                        lat : 41.456089880035,\n                    lng : -8.4885955455222,\n                    \n                });\n           });\n\n        <\/script>\n\n    <\/div><!-- aux-col-wrapper -->\n\n<\/section><!-- widget-container -->\t\t\t\t<\/div>\n\t\t\t\t<\/div>\n\t\t\t\t<\/div>\n\t\t\t\t<\/div>\n\t\t\t\t<\/div>\n\t\t","protected":false},"excerpt":{"rendered":"<p>Fale Connosco Get In Touch Entre em contacto connosco. Estamos dispon\u00edveis para o esclarecimento de qualquer d\u00favida. &gt; Solicite o seu or\u00e7amento. Morada Rua da Portagem, 757 4770-539 Santa Maria Arnoso, V.N. Famalic\u00e3o, Portugal Contacto: geral@serralhariamts.pt T. (+351) 253 194 035 T. (+351) 913 524 695 _ Hor\u00e1rio de Funcionamento: Segunda-feira a Sexta-feira 08:00 \u2013 [&hellip;]<\/p>\n","protected":false},"author":1,"featured_media":0,"parent":0,"menu_order":0,"comment_status":"closed","ping_status":"closed","template":"templates\/page-builder-content.php","meta":{"footnotes":""},"class_list":["post-123","page","type-page","status-publish","hentry"],"yoast_head":"<!-- This site is optimized with the Yoast SEO plugin v27.4 - https:\/\/yoast.com\/product\/yoast-seo-wordpress\/ -->\n<title>Contact - MTS SERRALHARIA<\/title>\n<meta name=\"robots\" content=\"index, follow, max-snippet:-1, max-image-preview:large, max-video-preview:-1\" \/>\n<link rel=\"canonical\" href=\"https:\/\/metais.pt\/?page_id=123\" \/>\n<meta property=\"og:locale\" content=\"pt_PT\" \/>\n<meta property=\"og:type\" content=\"article\" \/>\n<meta property=\"og:title\" content=\"Contact - MTS SERRALHARIA\" \/>\n<meta property=\"og:description\" content=\"Fale Connosco Get In Touch Entre em contacto connosco. Estamos dispon\u00edveis para o esclarecimento de qualquer d\u00favida. &gt; Solicite o seu or\u00e7amento. Morada Rua da Portagem, 757 4770-539 Santa Maria Arnoso, V.N. Famalic\u00e3o, Portugal Contacto: geral@serralhariamts.pt T. (+351) 253 194 035 T. (+351) 913 524 695 _ Hor\u00e1rio de Funcionamento: Segunda-feira a Sexta-feira 08:00 \u2013 [&hellip;]\" \/>\n<meta property=\"og:url\" content=\"https:\/\/metais.pt\/?page_id=123\" \/>\n<meta property=\"og:site_name\" content=\"MTS SERRALHARIA\" \/>\n<meta property=\"article:modified_time\" content=\"2025-07-03T10:57:42+00:00\" \/>\n<meta name=\"twitter:card\" content=\"summary_large_image\" \/>\n<meta name=\"twitter:label1\" content=\"Tempo estimado de leitura\" \/>\n\t<meta name=\"twitter:data1\" content=\"15 minutos\" \/>\n<script type=\"application\/ld+json\" class=\"yoast-schema-graph\">{\"@context\":\"https:\\\/\\\/schema.org\",\"@graph\":[{\"@type\":\"WebPage\",\"@id\":\"https:\\\/\\\/metais.pt\\\/?page_id=123\",\"url\":\"https:\\\/\\\/metais.pt\\\/?page_id=123\",\"name\":\"Contact - MTS SERRALHARIA\",\"isPartOf\":{\"@id\":\"https:\\\/\\\/metais.pt\\\/#website\"},\"datePublished\":\"2019-01-09T07:58:29+00:00\",\"dateModified\":\"2025-07-03T10:57:42+00:00\",\"breadcrumb\":{\"@id\":\"https:\\\/\\\/metais.pt\\\/?page_id=123#breadcrumb\"},\"inLanguage\":\"pt-PT\",\"potentialAction\":[{\"@type\":\"ReadAction\",\"target\":[\"https:\\\/\\\/metais.pt\\\/?page_id=123\"]}]},{\"@type\":\"BreadcrumbList\",\"@id\":\"https:\\\/\\\/metais.pt\\\/?page_id=123#breadcrumb\",\"itemListElement\":[{\"@type\":\"ListItem\",\"position\":1,\"name\":\"In\u00edcio\",\"item\":\"https:\\\/\\\/metais.pt\\\/\"},{\"@type\":\"ListItem\",\"position\":2,\"name\":\"Contact\"}]},{\"@type\":\"WebSite\",\"@id\":\"https:\\\/\\\/metais.pt\\\/#website\",\"url\":\"https:\\\/\\\/metais.pt\\\/\",\"name\":\"MTS SERRALHARIA\",\"description\":\"MTS SERRALHARIA. WELCOME.\",\"publisher\":{\"@id\":\"https:\\\/\\\/metais.pt\\\/#organization\"},\"potentialAction\":[{\"@type\":\"SearchAction\",\"target\":{\"@type\":\"EntryPoint\",\"urlTemplate\":\"https:\\\/\\\/metais.pt\\\/?s={search_term_string}\"},\"query-input\":{\"@type\":\"PropertyValueSpecification\",\"valueRequired\":true,\"valueName\":\"search_term_string\"}}],\"inLanguage\":\"pt-PT\"},{\"@type\":\"Organization\",\"@id\":\"https:\\\/\\\/metais.pt\\\/#organization\",\"name\":\"MTS SERRALHARIA\",\"url\":\"https:\\\/\\\/metais.pt\\\/\",\"logo\":{\"@type\":\"ImageObject\",\"inLanguage\":\"pt-PT\",\"@id\":\"https:\\\/\\\/metais.pt\\\/#\\\/schema\\\/logo\\\/image\\\/\",\"url\":\"https:\\\/\\\/metais.pt\\\/wp-content\\\/uploads\\\/2025\\\/06\\\/cropped-Black-logo-no-background-scaled-1.png\",\"contentUrl\":\"https:\\\/\\\/metais.pt\\\/wp-content\\\/uploads\\\/2025\\\/06\\\/cropped-Black-logo-no-background-scaled-1.png\",\"width\":2560,\"height\":1463,\"caption\":\"MTS SERRALHARIA\"},\"image\":{\"@id\":\"https:\\\/\\\/metais.pt\\\/#\\\/schema\\\/logo\\\/image\\\/\"}}]}<\/script>\n<!-- \/ Yoast SEO plugin. -->","yoast_head_json":{"title":"Contact - MTS SERRALHARIA","robots":{"index":"index","follow":"follow","max-snippet":"max-snippet:-1","max-image-preview":"max-image-preview:large","max-video-preview":"max-video-preview:-1"},"canonical":"https:\/\/metais.pt\/?page_id=123","og_locale":"pt_PT","og_type":"article","og_title":"Contact - MTS SERRALHARIA","og_description":"Fale Connosco Get In Touch Entre em contacto connosco. Estamos dispon\u00edveis para o esclarecimento de qualquer d\u00favida. &gt; Solicite o seu or\u00e7amento. Morada Rua da Portagem, 757 4770-539 Santa Maria Arnoso, V.N. Famalic\u00e3o, Portugal Contacto: geral@serralhariamts.pt T. (+351) 253 194 035 T. (+351) 913 524 695 _ Hor\u00e1rio de Funcionamento: Segunda-feira a Sexta-feira 08:00 \u2013 [&hellip;]","og_url":"https:\/\/metais.pt\/?page_id=123","og_site_name":"MTS SERRALHARIA","article_modified_time":"2025-07-03T10:57:42+00:00","twitter_card":"summary_large_image","twitter_misc":{"Tempo estimado de leitura":"15 minutos"},"schema":{"@context":"https:\/\/schema.org","@graph":[{"@type":"WebPage","@id":"https:\/\/metais.pt\/?page_id=123","url":"https:\/\/metais.pt\/?page_id=123","name":"Contact - MTS SERRALHARIA","isPartOf":{"@id":"https:\/\/metais.pt\/#website"},"datePublished":"2019-01-09T07:58:29+00:00","dateModified":"2025-07-03T10:57:42+00:00","breadcrumb":{"@id":"https:\/\/metais.pt\/?page_id=123#breadcrumb"},"inLanguage":"pt-PT","potentialAction":[{"@type":"ReadAction","target":["https:\/\/metais.pt\/?page_id=123"]}]},{"@type":"BreadcrumbList","@id":"https:\/\/metais.pt\/?page_id=123#breadcrumb","itemListElement":[{"@type":"ListItem","position":1,"name":"In\u00edcio","item":"https:\/\/metais.pt\/"},{"@type":"ListItem","position":2,"name":"Contact"}]},{"@type":"WebSite","@id":"https:\/\/metais.pt\/#website","url":"https:\/\/metais.pt\/","name":"MTS SERRALHARIA","description":"MTS SERRALHARIA. WELCOME.","publisher":{"@id":"https:\/\/metais.pt\/#organization"},"potentialAction":[{"@type":"SearchAction","target":{"@type":"EntryPoint","urlTemplate":"https:\/\/metais.pt\/?s={search_term_string}"},"query-input":{"@type":"PropertyValueSpecification","valueRequired":true,"valueName":"search_term_string"}}],"inLanguage":"pt-PT"},{"@type":"Organization","@id":"https:\/\/metais.pt\/#organization","name":"MTS SERRALHARIA","url":"https:\/\/metais.pt\/","logo":{"@type":"ImageObject","inLanguage":"pt-PT","@id":"https:\/\/metais.pt\/#\/schema\/logo\/image\/","url":"https:\/\/metais.pt\/wp-content\/uploads\/2025\/06\/cropped-Black-logo-no-background-scaled-1.png","contentUrl":"https:\/\/metais.pt\/wp-content\/uploads\/2025\/06\/cropped-Black-logo-no-background-scaled-1.png","width":2560,"height":1463,"caption":"MTS SERRALHARIA"},"image":{"@id":"https:\/\/metais.pt\/#\/schema\/logo\/image\/"}}]}},"_links":{"self":[{"href":"https:\/\/metais.pt\/index.php?rest_route=\/wp\/v2\/pages\/123","targetHints":{"allow":["GET"]}}],"collection":[{"href":"https:\/\/metais.pt\/index.php?rest_route=\/wp\/v2\/pages"}],"about":[{"href":"https:\/\/metais.pt\/index.php?rest_route=\/wp\/v2\/types\/page"}],"author":[{"embeddable":true,"href":"https:\/\/metais.pt\/index.php?rest_route=\/wp\/v2\/users\/1"}],"replies":[{"embeddable":true,"href":"https:\/\/metais.pt\/index.php?rest_route=%2Fwp%2Fv2%2Fcomments&post=123"}],"version-history":[{"count":0,"href":"https:\/\/metais.pt\/index.php?rest_route=\/wp\/v2\/pages\/123\/revisions"}],"wp:attachment":[{"href":"https:\/\/metais.pt\/index.php?rest_route=%2Fwp%2Fv2%2Fmedia&parent=123"}],"curies":[{"name":"wp","href":"https:\/\/api.w.org\/{rel}","templated":true}]}}